{"id":85,"date":"2026-01-29T19:07:05","date_gmt":"2026-01-29T19:07:05","guid":{"rendered":"https:\/\/clafcandle.com\/?post_type=product&#038;p=85"},"modified":"2026-01-30T19:31:56","modified_gmt":"2026-01-30T19:31:56","slug":"bougie-vierge-marie","status":"publish","type":"product","link":"https:\/\/clafcandle.com\/index.php\/produit\/bougie-vierge-marie\/","title":{"rendered":"Bougie Vierge Marie"},"content":{"rendered":"<p>Bougie Vierge Marie<\/p>\n<p>Enti\u00e8rement faite \u00e0 la main en cire de colza<\/p>\n<p>ATTENTION : ne pas allumer<\/p>\n<p>Taille : 20cm de hauteur<\/p>\n<p>Diam\u00e8tre : 7,5 cm<\/p>\n","protected":false},"excerpt":{"rendered":"<p>Bougie Vierge Marie Enti\u00e8rement faite \u00e0 la main en cire de colza ATTENTION : ne pas allumer Taille : 20cm de hauteur Diam\u00e8tre : 7,5 cm<\/p>\n","protected":false},"featured_media":27,"comment_status":"open","ping_status":"closed","template":"","meta":[],"product_brand":[],"product_cat":[19],"product_tag":[],"class_list":{"0":"post-85","1":"product","2":"type-product","3":"status-publish","4":"has-post-thumbnail","6":"product_cat-bougie-chretienne","8":"first","9":"instock","10":"shipping-taxable","11":"purchasable","12":"product-type-variable"},"_links":{"self":[{"href":"https:\/\/clafcandle.com\/index.php\/wp-json\/wp\/v2\/product\/85","targetHints":{"allow":["GET"]}}],"collection":[{"href":"https:\/\/clafcandle.com\/index.php\/wp-json\/wp\/v2\/product"}],"about":[{"href":"https:\/\/clafcandle.com\/index.php\/wp-json\/wp\/v2\/types\/product"}],"replies":[{"embeddable":true,"href":"https:\/\/clafcandle.com\/index.php\/wp-json\/wp\/v2\/comments?post=85"}],"wp:featuredmedia":[{"embeddable":true,"href":"https:\/\/clafcandle.com\/index.php\/wp-json\/wp\/v2\/media\/27"}],"wp:attachment":[{"href":"https:\/\/clafcandle.com\/index.php\/wp-json\/wp\/v2\/media?parent=85"}],"wp:term":[{"taxonomy":"product_brand","embeddable":true,"href":"https:\/\/clafcandle.com\/index.php\/wp-json\/wp\/v2\/product_brand?post=85"},{"taxonomy":"product_cat","embeddable":true,"href":"https:\/\/clafcandle.com\/index.php\/wp-json\/wp\/v2\/product_cat?post=85"},{"taxonomy":"product_tag","embeddable":true,"href":"https:\/\/clafcandle.com\/index.php\/wp-json\/wp\/v2\/product_tag?post=85"}],"curies":[{"name":"wp","href":"https:\/\/api.w.org\/{rel}","templated":true}]}}